{"id":7759,"date":"2024-02-15T10:21:58","date_gmt":"2024-02-15T10:21:58","guid":{"rendered":"https:\/\/staging-www.onepulse.com\/contacta-con-nosotros\/"},"modified":"2024-05-21T11:35:04","modified_gmt":"2024-05-21T11:35:04","slug":"contacta-con-nosotros","status":"publish","type":"page","link":"http:\/\/ec2-54-155-5-237.eu-west-1.compute.amazonaws.com\/es\/contacta-con-nosotros\/","title":{"rendered":"Contacto ventas"},"content":{"rendered":"","protected":false},"excerpt":{"rendered":"","protected":false},"author":3,"featured_media":0,"parent":0,"menu_order":0,"comment_status":"closed","ping_status":"closed","template":"templates\/template-contact.php","meta":{"inline_featured_image":false,"footnotes":""},"acf":[],"yoast_head":"<!-- This site is optimized with the Yoast SEO plugin v21.7 - https:\/\/yoast.com\/wordpress\/plugins\/seo\/ -->\n<title>Contacta con nosotros | OnePulse<\/title>\n<meta name=\"description\" content=\"Nos encantar\u00eda que nos hablaras de tus planes y objetivos de investigaci\u00f3n de insights, y discutir c\u00f3mo podemos ayudarte a conseguirlos. Ponte en contacto con nosotros hoy mismo.\" \/>\n<meta name=\"robots\" content=\"index, follow, max-snippet:-1, max-image-preview:large, max-video-preview:-1\" \/>\n<link rel=\"canonical\" href=\"http:\/\/ec2-54-155-5-237.eu-west-1.compute.amazonaws.com\/es\/contacta-con-nosotros\/\" \/>\n<meta property=\"og:locale\" content=\"es_ES\" \/>\n<meta property=\"og:type\" content=\"article\" \/>\n<meta property=\"og:title\" content=\"Contacta con nosotros | OnePulse\" \/>\n<meta property=\"og:description\" content=\"Nos encantar\u00eda que nos hablaras de tus planes y objetivos de investigaci\u00f3n de insights, y discutir c\u00f3mo podemos ayudarte a conseguirlos. Ponte en contacto con nosotros hoy mismo.\" \/>\n<meta property=\"og:url\" content=\"http:\/\/ec2-54-155-5-237.eu-west-1.compute.amazonaws.com\/es\/contacta-con-nosotros\/\" \/>\n<meta property=\"og:site_name\" content=\"OnePulse\" \/>\n<meta property=\"article:publisher\" content=\"https:\/\/www.facebook.com\/onepulseapp\" \/>\n<meta property=\"article:modified_time\" content=\"2024-05-21T11:35:04+00:00\" \/>\n<meta name=\"twitter:card\" content=\"summary_large_image\" \/>\n<meta name=\"twitter:site\" content=\"@OnePulseApp\" \/>\n<script type=\"application\/ld+json\" class=\"yoast-schema-graph\">{\"@context\":\"https:\/\/schema.org\",\"@graph\":[{\"@type\":\"WebPage\",\"@id\":\"http:\/\/ec2-54-155-5-237.eu-west-1.compute.amazonaws.com\/es\/contacta-con-nosotros\/\",\"url\":\"http:\/\/ec2-54-155-5-237.eu-west-1.compute.amazonaws.com\/es\/contacta-con-nosotros\/\",\"name\":\"Contacta con nosotros | OnePulse\",\"isPartOf\":{\"@id\":\"http:\/\/ec2-54-155-5-237.eu-west-1.compute.amazonaws.com\/es\/#website\"},\"datePublished\":\"2024-02-15T10:21:58+00:00\",\"dateModified\":\"2024-05-21T11:35:04+00:00\",\"description\":\"Nos encantar\u00eda que nos hablaras de tus planes y objetivos de investigaci\u00f3n de insights, y discutir c\u00f3mo podemos ayudarte a conseguirlos. Ponte en contacto con nosotros hoy mismo.\",\"inLanguage\":\"es\",\"potentialAction\":[{\"@type\":\"ReadAction\",\"target\":[\"http:\/\/ec2-54-155-5-237.eu-west-1.compute.amazonaws.com\/es\/contacta-con-nosotros\/\"]}]},{\"@type\":\"WebSite\",\"@id\":\"http:\/\/ec2-54-155-5-237.eu-west-1.compute.amazonaws.com\/es\/#website\",\"url\":\"http:\/\/ec2-54-155-5-237.eu-west-1.compute.amazonaws.com\/es\/\",\"name\":\"OnePulse\",\"description\":\"\",\"publisher\":{\"@id\":\"http:\/\/ec2-54-155-5-237.eu-west-1.compute.amazonaws.com\/es\/#organization\"},\"potentialAction\":[{\"@type\":\"SearchAction\",\"target\":{\"@type\":\"EntryPoint\",\"urlTemplate\":\"http:\/\/ec2-54-155-5-237.eu-west-1.compute.amazonaws.com\/es\/?s={search_term_string}\"},\"query-input\":\"required name=search_term_string\"}],\"inLanguage\":\"es\"},{\"@type\":\"Organization\",\"@id\":\"http:\/\/ec2-54-155-5-237.eu-west-1.compute.amazonaws.com\/es\/#organization\",\"name\":\"Onepulse\",\"url\":\"http:\/\/ec2-54-155-5-237.eu-west-1.compute.amazonaws.com\/es\/\",\"logo\":{\"@type\":\"ImageObject\",\"inLanguage\":\"es\",\"@id\":\"http:\/\/ec2-54-155-5-237.eu-west-1.compute.amazonaws.com\/es\/#\/schema\/logo\/image\/\",\"url\":\"http:\/\/ec2-54-155-5-237.eu-west-1.compute.amazonaws.com\/wp-content\/uploads\/2024\/02\/logo.svg\",\"contentUrl\":\"http:\/\/ec2-54-155-5-237.eu-west-1.compute.amazonaws.com\/wp-content\/uploads\/2024\/02\/logo.svg\",\"width\":124,\"height\":36,\"caption\":\"Onepulse\"},\"image\":{\"@id\":\"http:\/\/ec2-54-155-5-237.eu-west-1.compute.amazonaws.com\/es\/#\/schema\/logo\/image\/\"},\"sameAs\":[\"https:\/\/www.facebook.com\/onepulseapp\",\"https:\/\/twitter.com\/OnePulseApp\",\"https:\/\/www.instagram.com\/onepulseapp\",\"https:\/\/www.linkedin.com\/company\/onepulse\"]}]}<\/script>\n<!-- \/ Yoast SEO plugin. -->","yoast_head_json":{"title":"Contacta con nosotros | OnePulse","description":"Nos encantar\u00eda que nos hablaras de tus planes y objetivos de investigaci\u00f3n de insights, y discutir c\u00f3mo podemos ayudarte a conseguirlos. Ponte en contacto con nosotros hoy mismo.","robots":{"index":"index","follow":"follow","max-snippet":"max-snippet:-1","max-image-preview":"max-image-preview:large","max-video-preview":"max-video-preview:-1"},"canonical":"http:\/\/ec2-54-155-5-237.eu-west-1.compute.amazonaws.com\/es\/contacta-con-nosotros\/","og_locale":"es_ES","og_type":"article","og_title":"Contacta con nosotros | OnePulse","og_description":"Nos encantar\u00eda que nos hablaras de tus planes y objetivos de investigaci\u00f3n de insights, y discutir c\u00f3mo podemos ayudarte a conseguirlos. Ponte en contacto con nosotros hoy mismo.","og_url":"http:\/\/ec2-54-155-5-237.eu-west-1.compute.amazonaws.com\/es\/contacta-con-nosotros\/","og_site_name":"OnePulse","article_publisher":"https:\/\/www.facebook.com\/onepulseapp","article_modified_time":"2024-05-21T11:35:04+00:00","twitter_card":"summary_large_image","twitter_site":"@OnePulseApp","schema":{"@context":"https:\/\/schema.org","@graph":[{"@type":"WebPage","@id":"http:\/\/ec2-54-155-5-237.eu-west-1.compute.amazonaws.com\/es\/contacta-con-nosotros\/","url":"http:\/\/ec2-54-155-5-237.eu-west-1.compute.amazonaws.com\/es\/contacta-con-nosotros\/","name":"Contacta con nosotros | OnePulse","isPartOf":{"@id":"http:\/\/ec2-54-155-5-237.eu-west-1.compute.amazonaws.com\/es\/#website"},"datePublished":"2024-02-15T10:21:58+00:00","dateModified":"2024-05-21T11:35:04+00:00","description":"Nos encantar\u00eda que nos hablaras de tus planes y objetivos de investigaci\u00f3n de insights, y discutir c\u00f3mo podemos ayudarte a conseguirlos. Ponte en contacto con nosotros hoy mismo.","inLanguage":"es","potentialAction":[{"@type":"ReadAction","target":["http:\/\/ec2-54-155-5-237.eu-west-1.compute.amazonaws.com\/es\/contacta-con-nosotros\/"]}]},{"@type":"WebSite","@id":"http:\/\/ec2-54-155-5-237.eu-west-1.compute.amazonaws.com\/es\/#website","url":"http:\/\/ec2-54-155-5-237.eu-west-1.compute.amazonaws.com\/es\/","name":"OnePulse","description":"","publisher":{"@id":"http:\/\/ec2-54-155-5-237.eu-west-1.compute.amazonaws.com\/es\/#organization"},"potentialAction":[{"@type":"SearchAction","target":{"@type":"EntryPoint","urlTemplate":"http:\/\/ec2-54-155-5-237.eu-west-1.compute.amazonaws.com\/es\/?s={search_term_string}"},"query-input":"required name=search_term_string"}],"inLanguage":"es"},{"@type":"Organization","@id":"http:\/\/ec2-54-155-5-237.eu-west-1.compute.amazonaws.com\/es\/#organization","name":"Onepulse","url":"http:\/\/ec2-54-155-5-237.eu-west-1.compute.amazonaws.com\/es\/","logo":{"@type":"ImageObject","inLanguage":"es","@id":"http:\/\/ec2-54-155-5-237.eu-west-1.compute.amazonaws.com\/es\/#\/schema\/logo\/image\/","url":"http:\/\/ec2-54-155-5-237.eu-west-1.compute.amazonaws.com\/wp-content\/uploads\/2024\/02\/logo.svg","contentUrl":"http:\/\/ec2-54-155-5-237.eu-west-1.compute.amazonaws.com\/wp-content\/uploads\/2024\/02\/logo.svg","width":124,"height":36,"caption":"Onepulse"},"image":{"@id":"http:\/\/ec2-54-155-5-237.eu-west-1.compute.amazonaws.com\/es\/#\/schema\/logo\/image\/"},"sameAs":["https:\/\/www.facebook.com\/onepulseapp","https:\/\/twitter.com\/OnePulseApp","https:\/\/www.instagram.com\/onepulseapp","https:\/\/www.linkedin.com\/company\/onepulse"]}]}},"_links":{"self":[{"href":"http:\/\/ec2-54-155-5-237.eu-west-1.compute.amazonaws.com\/es\/wp-json\/wp\/v2\/pages\/7759"}],"collection":[{"href":"http:\/\/ec2-54-155-5-237.eu-west-1.compute.amazonaws.com\/es\/wp-json\/wp\/v2\/pages"}],"about":[{"href":"http:\/\/ec2-54-155-5-237.eu-west-1.compute.amazonaws.com\/es\/wp-json\/wp\/v2\/types\/page"}],"author":[{"embeddable":true,"href":"http:\/\/ec2-54-155-5-237.eu-west-1.compute.amazonaws.com\/es\/wp-json\/wp\/v2\/users\/3"}],"replies":[{"embeddable":true,"href":"http:\/\/ec2-54-155-5-237.eu-west-1.compute.amazonaws.com\/es\/wp-json\/wp\/v2\/comments?post=7759"}],"version-history":[{"count":2,"href":"http:\/\/ec2-54-155-5-237.eu-west-1.compute.amazonaws.com\/es\/wp-json\/wp\/v2\/pages\/7759\/revisions"}],"predecessor-version":[{"id":10521,"href":"http:\/\/ec2-54-155-5-237.eu-west-1.compute.amazonaws.com\/es\/wp-json\/wp\/v2\/pages\/7759\/revisions\/10521"}],"wp:attachment":[{"href":"http:\/\/ec2-54-155-5-237.eu-west-1.compute.amazonaws.com\/es\/wp-json\/wp\/v2\/media?parent=7759"}],"curies":[{"name":"wp","href":"https:\/\/api.w.org\/{rel}","templated":true}]}}